{"id":5212,"date":"2022-09-15T14:23:06","date_gmt":"2022-09-15T14:23:06","guid":{"rendered":"https:\/\/phd.hi.is\/?page_id=5212"},"modified":"2022-09-15T15:05:13","modified_gmt":"2022-09-15T15:05:13","slug":"arnar-bragi-ingason","status":"publish","type":"page","link":"https:\/\/phd.hi.is\/en\/arnar-bragi-ingason\/","title":{"rendered":"arnar bragi Ingason"},"content":{"rendered":"\t\t<div data-elementor-type=\"wp-page\" data-elementor-id=\"5212\" class=\"elementor elementor-5212\" data-elementor-post-type=\"page\">\n\t\t\t\t\t\t<section class=\"elementor-section elementor-top-section elementor-element elementor-element-62f2cd73 elementor-section-boxed elementor-section-height-default elementor-section-height-default\" data-id=\"62f2cd73\" data-element_type=\"section\" data-e-type=\"section\">\n\t\t\t\t\t\t<div class=\"elementor-container elementor-column-gap-default\">\n\t\t\t\t\t<div class=\"elementor-column elementor-col-100 elementor-top-column elementor-element elementor-element-3c834c80\" data-id=\"3c834c80\" data-element_type=\"column\" data-e-type=\"column\">\n\t\t\t<div class=\"elementor-widget-wrap elementor-element-populated\">\n\t\t\t\t\t\t<div class=\"elementor-element elementor-element-1491253 elementor-widget elementor-widget-heading\" data-id=\"1491253\" data-element_type=\"widget\" data-e-type=\"widget\" data-widget_type=\"heading.default\">\n\t\t\t\t<div class=\"elementor-widget-container\">\n\t\t\t\t\t<h2 class=\"elementor-heading-title elementor-size-default\">Arnar Bragi Ingason<\/h2>\t\t\t\t<\/div>\n\t\t\t\t<\/div>\n\t\t\t\t<div class=\"elementor-element elementor-element-62c2c069 elementor-widget-divider--view-line elementor-widget elementor-widget-divider\" data-id=\"62c2c069\" data-element_type=\"widget\" data-e-type=\"widget\" data-widget_type=\"divider.default\">\n\t\t\t\t<div class=\"elementor-widget-container\">\n\t\t\t\t\t\t\t<div class=\"elementor-divider\">\n\t\t\t<span class=\"elementor-divider-separator\">\n\t\t\t\t\t\t<\/span>\n\t\t<\/div>\n\t\t\t\t\t\t<\/div>\n\t\t\t\t<\/div>\n\t\t\t\t<div class=\"elementor-element elementor-element-85062b0 elementor-widget elementor-widget-image\" data-id=\"85062b0\" data-element_type=\"widget\" data-e-type=\"widget\" data-widget_type=\"image.default\">\n\t\t\t\t<div class=\"elementor-widget-container\">\n\t\t\t\t\t\t\t\t\t\t\t\t\t\t\t<img fetchpriority=\"high\" decoding=\"async\" width=\"215\" height=\"300\" src=\"https:\/\/phd.hi.is\/wp-content\/uploads\/2022\/09\/Picture-1-215x300.jpg\" class=\"attachment-medium size-medium wp-image-5236\" alt=\"alt=&quot;&quot;\" srcset=\"https:\/\/phd.hi.is\/wp-content\/uploads\/2022\/09\/Picture-1-215x300.jpg 215w, https:\/\/phd.hi.is\/wp-content\/uploads\/2022\/09\/Picture-1-9x12.jpg 9w, https:\/\/phd.hi.is\/wp-content\/uploads\/2022\/09\/Picture-1.jpg 440w\" sizes=\"(max-width: 215px) 100vw, 215px\" \/>\t\t\t\t\t\t\t\t\t\t\t\t\t\t\t<\/div>\n\t\t\t\t<\/div>\n\t\t\t\t<div class=\"elementor-element elementor-element-1a6e08b3 elementor-widget elementor-widget-text-editor\" data-id=\"1a6e08b3\" data-element_type=\"widget\" data-e-type=\"widget\" data-widget_type=\"text-editor.default\">\n\t\t\t\t<div class=\"elementor-widget-container\">\n\t\t\t\t\t\t\t\t\t<p>Greinar sem eru \u00feegar birtar \u00far doktorsverkefninu: <a href=\"https:\/\/eur02.safelinks.protection.outlook.com\/?url=https%3A%2F%2Fpubmed.ncbi.nlm.nih.gov%2F34633836%2F&amp;data=05%7C01%7Ceyrunloa%40hi.is%7C19f7600466e74cf4172308da6c966f14%7C09fa5f0e211846568529677ed8fdbe78%7C0%7C0%7C637941690765611689%7CUnknown%7CTWFpbGZsb3d8eyJWIjoiMC4wLjAwMDAiLCJQIjoiV2luMzIiLCJBTiI6Ik1haWwiLCJXVCI6Mn0%3D%7C3000%7C%7C%7C&amp;sdata=ugPqCEShLIZvh4hkk2o96mpIIiS5hnHg2pIZCuvf8lo%3D&amp;reserved=0\">https:\/\/pubmed.ncbi.nlm.nih.gov\/34633836\/ <\/a>og <a href=\"https:\/\/eur02.safelinks.protection.outlook.com\/?url=https%3A%2F%2Fpubmed.ncbi.nlm.nih.gov%2F35411982%2F&amp;data=05%7C01%7Ceyrunloa%40hi.is%7C19f7600466e74cf4172308da6c966f14%7C09fa5f0e211846568529677ed8fdbe78%7C0%7C0%7C637941690765611689%7CUnknown%7CTWFpbGZsb3d8eyJWIjoiMC4wLjAwMDAiLCJQIjoiV2luMzIiLCJBTiI6Ik1haWwiLCJXVCI6Mn0%3D%7C3000%7C%7C%7C&amp;sdata=pbweH%2FAcDEPui5WEp5JDzaeCz%2BTr31WoaoZ8ufsThDI%3D&amp;reserved=0\">https:\/\/pubmed.ncbi.nlm.nih.gov\/35411982\/<\/a><\/p><p>\u00cd heildina byggir ritger\u00f0in \u00e1 eftirfarandi 5 greinum:<\/p><ol><li>Ingason AB, Hreinsson JP, \u00c1g\u00fastsson AS, Lund SH, Rumba E, P\u00e1lsson DA, Reynisson IE, Gu\u00f0mundsd\u00f3ttir BR, \u00d6nundarson PT, Bj\u00f6rnsson ES. Comparison of the efficacy and safety of direct oral anticoagulants: Nationwide propensity score-weighted study. Under review.<br \/><br \/><\/li><li>Ingason AB, Hreinsson JP, \u00c1g\u00fastsson AS, Lund SH, Rumba E, P\u00e1lsson DA, Reynisson IE, Gu\u00f0mundsd\u00f3ttir BR, \u00d6nundarson PT, Bj\u00f6rnsson ES. Rivaroxaban is associated with higher rates of gastrointestinal bleeding than other direct oral anticoagulants: A nationwide propensity score-weighted study. <em>Ann Intern Med<\/em> 2021;174:1493-502.<br \/><br \/><\/li><li>Ingason AB, Hreinsson JP, \u00c1g\u00fastsson AS, Lund SH, Rumba E, P\u00e1lsson DA, Reynisson IE, Gu\u00f0mundsd\u00f3ttir BR, \u00d6nundarson PT, Bj\u00f6rnsson ES. Warfarin is associated with higher rates of upper but not lower gastrointestinal bleeding compared to direct oral anticoagulants: a population-based propensity-weighted cohort study. <em style=\"font-size: 16px;\">Clinical Gastroenterology and Hepatology<\/em><span style=\"font-size: 16px;\">. Article in press.<br \/><br \/><\/span><\/li><li>Ingason AB, Rumba E, Hreinsson JP, \u00c1g\u00fastsson AS, Lund SH, P\u00e1lsson DA, Reynisson IE, Gu\u00f0mundsd\u00f3ttir BR, \u00d6nundarson PT, Bj\u00f6rnsson ES, Tryggvason G. Warfarin is associated with higher rates of epistaxis compared to direct oral anticoagulants: a nationwide propensity score-weighted study. <em>Journal of Internal Medicine<\/em>. Article in press.<br \/><br \/><\/li><li>Ingason AB, Hreinsson JP, Lund SH, \u00c1g\u00fastsson AS, Rumba E, P\u00e1lsson DA, Reynisson IE, Gu\u00f0mundsd\u00f3ttir BR, \u00d6nundarson PT, Bj\u00f6rnsson ES. Comparison of medication adherence between different oral anticoagulants: a population-based propensity-weighted cohort study. Under revie<\/li><\/ol><div>Sj\u00e1 einnig <a href=\"https:\/\/scholar.google.com\/citations?user=w4HjzGwAAAAJ&amp;hl=en\">Google Scholar<\/a> me\u00f0 samantekt \u00e1 greinum.<\/div>\t\t\t\t\t\t\t\t<\/div>\n\t\t\t\t<\/div>\n\t\t\t\t<div class=\"elementor-element elementor-element-788b636 elementor-widget elementor-widget-heading\" data-id=\"788b636\" data-element_type=\"widget\" data-e-type=\"widget\" data-widget_type=\"heading.default\">\n\t\t\t\t<div class=\"elementor-widget-container\">\n\t\t\t\t\t<h3 class=\"elementor-heading-title elementor-size-default\">Innlend og erlend \u00feing \u00fear sem ni\u00f0urst\u00f6\u00f0ur doktorsranns\u00f3knar voru kynntar<\/h3>\t\t\t\t<\/div>\n\t\t\t\t<\/div>\n\t\t\t\t<div class=\"elementor-element elementor-element-756f97a elementor-widget elementor-widget-text-editor\" data-id=\"756f97a\" data-element_type=\"widget\" data-e-type=\"widget\" data-widget_type=\"text-editor.default\">\n\t\t\t\t<div class=\"elementor-widget-container\">\n\t\t\t\t\t\t\t\t\t<p><strong>Oral Presentations at National Conferences:<\/strong><\/p><p><strong>Ingason AB<\/strong>, Rumba E, Hreinsson JP. \u00c1g\u00fastsson AS, Lund SH, P\u00e1lsson DA, Reynisson IE, Gu\u00f0mundsd\u00f3ttir BR, \u00d6nundarson PT, Tryggvason G, Bj\u00f6rnsson ES. <em>Warfar\u00edn er tengt vi\u00f0 aukna t\u00ed\u00f0ni nefbl\u00e6\u00f0inga samanbori\u00f0 vi\u00f0 beina storkuhemla<\/em> <em>[<\/em><em>Warfarin is associated with higher rates of epistaxis compared to direct oral anticoagulants]<\/em>. National Surgery and Anesthesiology Conference of Iceland. \u00a02022 April 1<sup>st<\/sup>. Reykjavik, Iceland. <strong>Presentation received an award for best oral presentation of the conference.<\/strong><\/p><p><strong>Ingason AB<\/strong>, Hreinsson JP, Agustsson AS, Lund SH, Reynisson IE, Gudmundsdottir BR, Onundarson PT, Bjornsson E. <em>Warfarin is associated with higher rates of upper but not lower gastrointestinal bleeding compared to direct oral anticoagulants: A population-based propensity score matched cohort study<\/em>\u201d. Digestive Disease Week. 2020 May 3<sup>rd<\/sup>. Virtual conference.<\/p><p><strong>Ingason AB<\/strong>, Hreinsson JP, Lund SH, Bjornsson E. <em>Rivaroxaban is Associated with Higher Rates of Gastrointestinal Bleeding Compared to Other Non-Vitamin K Anticoagulants: A Population-Based Propensity Score-matched Cohort Study<\/em>. Digestive Disease Week. 2019 May 19<sup>th<\/sup>. San Diego. CA. \u00a0<strong>Presentation received the Young Investigator Award.<\/strong><\/p><p><strong><br \/><\/strong><strong>Posters at National Conferences Outside Iceland:<\/strong><\/p><p><strong>Ingason AB<\/strong>, Hreinsson JP, \u00c1g\u00fastsson AS, Lund SH, Reynisson IE, Gu\u00f0mundsdottir BR, \u00d6nundarson PT, Bj\u00f6rnsson ES. Comparison of Medication Adherence Between Different Oral Anticoagulants: A Propensity Weighted Nationwide Cohort Study. International Society of Thrombosis and Haemostasis Congress. 2020 July 12<sup>th<\/sup>. Virtual Conference.<\/p><p>Agustsson AS, <strong>Ingason AB<\/strong>, Reynisson IE, Hreinsson JP, Bjornsson ES. Is Oral anticoagulation associated with improved survival in colorectal carcinoma? Digestive Disease Week. 2020 May 2<sup>nd<\/sup>. Virtual Conference.<\/p><p>Agustsson AS, <strong>Ingason AB<\/strong>, Reynisson IE, Hreinsson JP, Bjornsson ES. Causes of upper gastrointestinal bleeding in oral anticoagulant users compared to non-users. Digestive Disease Week. 2020 May 2<sup>nd<\/sup>. Virtual Conference.<\/p><p>Agustsson AS, <strong>Ingason AB<\/strong>, Reynisson IE, Hreinsson JP, Bjornsson ES. Causes of lower gastrointestinal bleeding in oral anticoagulant users compared to non-users. Digestive Disease Week. 2020 May 2<sup>nd<\/sup>. Virtual Conference.<\/p><p><strong>Ingason AB<\/strong>, Hreinsson JP, Lund SH, Bjornsson ES. Non-vitamin K oral anticoagulants have lower rates of gastrointestinal bleeding compared to warfarin: A population-based propensity score-matched cohort study. Digestive Disease Week. May 20<sup>th<\/sup> 2019. San Diego, CA.<\/p><p><strong><br \/>Posters at National Conferences in Iceland:<\/strong><\/p><p>Rumba E, <strong>Ingason AB<\/strong>, Bj\u00f6rnsson ES, Tryggvason G. <em>Samanbur\u00f0ur \u00e1 me\u00f0fer\u00f0 og alvarleika nefbl\u00e6\u00f0inga tengdri notkun storkuhemla: Landl\u00e6g \u00fe\u00fd\u00f0isranns\u00f3kn. [Comparison of the treatment and severity of epistaxis related to oral anticoagulation use: Nationwide cohort study]<\/em>. National Surgery and Anesthesiology Conference of Iceland. 2022.<\/p><p><strong>Ingason AB<\/strong>, Hreinsson JP, \u00c1g\u00fastsson AS, Lund SH, Rumba E, P\u00e1lsson DA, Reynisson IE, Gu\u00f0mundsd\u00f3ttir BR, \u00d6nundarson PT, Bj\u00f6rnsson ES. <em>Rivaroxaban hefur tengsl vi\u00f0 h\u00e6rri t\u00ed\u00f0ni meltingarvegsbl\u00e6\u00f0inga en a\u00f0rir beinir storkuhemlar [<\/em><em>Rivaroxaban Is Associated With Higher Rates of Gastrointestinal Bleeding Than Other Direct Oral Anticoagulants<\/em><em>]<\/em>. National Internal Medicine Conference of Iceland. 2021 November 6<sup>th<\/sup>. <strong>Received an award for best abstract by a resident.<\/strong><\/p><p>\u00c1g\u00fastsson AS, <strong>Ingason AB<\/strong>, P\u00e1lsson D, Rumba E, Reynisson IE, Hreinsson JP, Bj\u00f6rnsson ES. <em>Samanbur\u00f0ur \u00e1 ors\u00f6kum ne\u00f0ri meltingarvegsbl\u00e6\u00f0inga milli einstaklinga \u00e1 bl\u00f3\u00f0\u00feynningu og \u00e1n bl\u00f3\u00f0\u00feynningar um munn [<\/em><em>Causes of lower gastrointestinal bleeding in oral anticoagulant users compared to non-users<\/em><em>]<\/em>. National Internal Medicine Conference of Iceland. 2021 November 6<sup>th<\/sup>.<\/p><p>\u00c1g\u00fastsson AS, <strong>Ingason AB<\/strong>, P\u00e1lsson D, Rumba E, Reynisson IE, Hreinsson JP, Bj\u00f6rnsson ES. <em>Samanbur\u00f0ur \u00e1 ors\u00f6kum efri meltingarvegsbl\u00e6\u00f0inga milli einstaklinga \u00e1 bl\u00f3\u00f0\u00feynningu og \u00e1n bl\u00f3\u00f0\u00feynningar um munn [<\/em><em>Causes of upper gastrointestinal bleeding in oral anticoagulant users compared to non-users<\/em><em>]<\/em>. National Internal Medicine Conference of Iceland. 2021 November 6<sup>th<\/sup>.<\/p><p>\u00c1g\u00fastsson AS, <strong>Ingason AB<\/strong>, P\u00e1lsson D, Rumba E, Reynisson IE, Hreinsson JP, Bj\u00f6rnsson ES. <em>Hefur me\u00f0fer\u00f0 me\u00f0 bl\u00f3\u00f0\u00feynningarlyfjum um munn tengsl vi\u00f0 aukna lifun sj\u00faklinga me\u00f0 ristilkrabbamein? [<\/em><em>Is Oral anticoagulation associated with improved survival in colorectal carcinoma?<\/em><em>]<\/em>. National Internal Medicine Conference of Iceland. 2021 November 6<sup>th<\/sup>.<\/p><p><strong>Ingason AB<\/strong>, Hreinsson JP, \u00c1g\u00fastsson AS, Lund SH, Rumba E, P\u00e1lsson DA, Reynisson IE, Gu\u00f0mundsd\u00f3ttir BR, \u00d6nundarson PT, Bj\u00f6rnsson ES. <em>Samanbur\u00f0ur \u00e1 me\u00f0fer\u00f0arheldni bl\u00f3\u00f0\u00feynningarlyfja um munn: Landl\u00e6g \u00fe\u00fd\u00f0isranns\u00f3kn [Comparison of adherence between different oral anticoagulants]. <\/em>National Internal Medicine Conference of Iceland. 2021 November 5<sup>th<\/sup>.<\/p><p>Rumba E, <strong>Ingason AB<\/strong>, Hreinsson JP, Tryggvason G, Bj\u00f6rnsson ES. <em>Samanbur\u00f0ur \u00e1 me\u00f0fer\u00f0 og alvarleika nefbl\u00e6\u00f0inga tengdri notkun storkuhemla: Landl\u00e6g \u00fe\u00fd\u00f0isranns\u00f3kn<\/em> <em>[Comparison of the treatment and severity of epistaxis related to oral anticoagulation use: Nationwide cohort study]<\/em> National Internal Medicine Conference of Iceland. 2021 November 5<sup>th<\/sup>.<\/p><p><strong>Ingason AB<\/strong>, Hreinsson JP, \u00c1g\u00fastsson AS, Lund SH, Rumba E, P\u00e1lsson DA, Reynisson IE, Gu\u00f0mundsd\u00f3ttir BR, \u00d6nundarson PT, Bj\u00f6rnsson ES. <em>Rivaroxaban hefur tengsl vi\u00f0 h\u00e6rri t\u00ed\u00f0ni meltingarvegsbl\u00e6\u00f0inga en a\u00f0rir beinir storkuhemlar [<\/em><em>Rivaroxaban Is Associated With Higher Rates of Gastrointestinal Bleeding Than Other Direct Oral Anticoagulants]<\/em>. V\u00edsindi \u00e1 vord\u00f6gum. 2021 April 28<sup>th<\/sup>.<\/p>\t\t\t\t\t\t\t\t<\/div>\n\t\t\t\t<\/div>\n\t\t\t\t<div class=\"elementor-element elementor-element-b24e64e elementor-widget elementor-widget-heading\" data-id=\"b24e64e\" data-element_type=\"widget\" data-e-type=\"widget\" data-widget_type=\"heading.default\">\n\t\t\t\t<div class=\"elementor-widget-container\">\n\t\t\t\t\t<h3 class=\"elementor-heading-title elementor-size-default\">Ver\u00f0laun og vi\u00f0urkenningar<\/h3>\t\t\t\t<\/div>\n\t\t\t\t<\/div>\n\t\t\t\t<div class=\"elementor-element elementor-element-4bf9dd5 elementor-widget elementor-widget-text-editor\" data-id=\"4bf9dd5\" data-element_type=\"widget\" data-e-type=\"widget\" data-widget_type=\"text-editor.default\">\n\t\t\t\t<div class=\"elementor-widget-container\">\n\t\t\t\t\t\t\t\t\t<p>RANN\u00cdS styrkur fyrir doktorsverkefni\u00f0. Project title: The efficacy and safety of oral anticoagulants: population-based study<br \/>Grant number: 207113-051<\/p><p>Eftirfarandi ver\u00f0laun fyrir ranns\u00f3knir tengdar doktorsverkefninu:<\/p><ul><li>Young Investigator of the Year at Landspitali University Hospital. 2022.<\/li><li>Award for best oral presentation at the National Surgery and Anesthesiology Conference of Iceland. 2022.<\/li><li>Award for best scientific abstract at the National Internal Medicine Conference of Iceland. 2021.<\/li><li>Young Investigator Award for outstanding oral presentation at Digestive Disease Week. 2019.<\/li><\/ul>\t\t\t\t\t\t\t\t<\/div>\n\t\t\t\t<\/div>\n\t\t\t\t<div class=\"elementor-element elementor-element-d29695d elementor-widget elementor-widget-heading\" data-id=\"d29695d\" data-element_type=\"widget\" data-e-type=\"widget\" data-widget_type=\"heading.default\">\n\t\t\t\t<div class=\"elementor-widget-container\">\n\t\t\t\t\t<h3 class=\"elementor-heading-title elementor-size-default\">Ritaskr\u00e1<\/h3>\t\t\t\t<\/div>\n\t\t\t\t<\/div>\n\t\t\t\t<div class=\"elementor-element elementor-element-eda77de elementor-widget elementor-widget-image\" data-id=\"eda77de\" data-element_type=\"widget\" data-e-type=\"widget\" data-widget_type=\"image.default\">\n\t\t\t\t<div class=\"elementor-widget-container\">\n\t\t\t\t\t\t\t\t\t\t\t\t\t\t\t\t<a href=\"https:\/\/phd.hi.is\/wp-content\/uploads\/2022\/09\/CV-Arnar-Bragi-Ingason.pdf\">\n\t\t\t\t\t\t\t<img decoding=\"async\" width=\"150\" height=\"150\" src=\"https:\/\/phd.hi.is\/wp-content\/uploads\/2022\/09\/cv-resume-job-5973796-150x150.png\" class=\"attachment-thumbnail size-thumbnail wp-image-5227\" alt=\"alt=&quot;&quot;\" srcset=\"https:\/\/phd.hi.is\/wp-content\/uploads\/2022\/09\/cv-resume-job-5973796-150x150.png 150w, https:\/\/phd.hi.is\/wp-content\/uploads\/2022\/09\/cv-resume-job-5973796-300x300.png 300w, https:\/\/phd.hi.is\/wp-content\/uploads\/2022\/09\/cv-resume-job-5973796-1024x1024.png 1024w, https:\/\/phd.hi.is\/wp-content\/uploads\/2022\/09\/cv-resume-job-5973796-768x768.png 768w, https:\/\/phd.hi.is\/wp-content\/uploads\/2022\/09\/cv-resume-job-5973796-12x12.png 12w, https:\/\/phd.hi.is\/wp-content\/uploads\/2022\/09\/cv-resume-job-5973796.png 1280w\" sizes=\"(max-width: 150px) 100vw, 150px\" \/>\t\t\t\t\t\t\t\t<\/a>\n\t\t\t\t\t\t\t\t\t\t\t\t\t\t\t<\/div>\n\t\t\t\t<\/div>\n\t\t\t\t\t<\/div>\n\t\t<\/div>\n\t\t\t\t\t<\/div>\n\t\t<\/section>\n\t\t\t\t<\/div>\n\t\t","protected":false},"excerpt":{"rendered":"<p>Arnar Bragi Ingason Greinar sem eru \u00feegar birtar \u00far doktorsverkefninu: https:\/\/pubmed.ncbi.nlm.nih.gov\/34633836\/ og https:\/\/pubmed.ncbi.nlm.nih.gov\/35411982\/ \u00cd heildina byggir ritger\u00f0in \u00e1 eftirfarandi 5 greinum: Ingason AB, Hreinsson JP, \u00c1g\u00fastsson AS, Lund SH, Rumba E, P\u00e1lsson DA, Reynisson IE, Gu\u00f0mundsd\u00f3ttir BR, \u00d6nundarson PT, Bj\u00f6rnsson ES. Comparison of the efficacy and safety of direct oral anticoagulants: Nationwide propensity score-weighted study. [&hellip;]<\/p>\n","protected":false},"author":2,"featured_media":0,"parent":0,"menu_order":0,"comment_status":"closed","ping_status":"closed","template":"","meta":{"site-sidebar-layout":"no-sidebar","site-content-layout":"page-builder","ast-site-content-layout":"default","site-content-style":"default","site-sidebar-style":"default","ast-global-header-display":"","ast-banner-title-visibility":"","ast-main-header-display":"","ast-hfb-above-header-display":"","ast-hfb-below-header-display":"","ast-hfb-mobile-header-display":"","site-post-title":"disabled","ast-breadcrumbs-content":"","ast-featured-img":"disabled","footer-sml-layout":"","ast-disable-related-posts":"","theme-transparent-header-meta":"","adv-header-id-meta":"","stick-header-meta":"","header-above-stick-meta":"","header-main-stick-meta":"","header-below-stick-meta":"","astra-migrate-meta-layouts":"default","ast-page-background-enabled":"default","ast-page-background-meta":{"desktop":{"background-color":"","background-image":"","background-repeat":"repeat","background-position":"center center","background-size":"auto","background-attachment":"scroll","background-type":"","background-media":"","overlay-type":"","overlay-color":"","overlay-opacity":"","overlay-gradient":""},"tablet":{"background-color":"","background-image":"","background-repeat":"repeat","background-position":"center center","background-size":"auto","background-attachment":"scroll","background-type":"","background-media":"","overlay-type":"","overlay-color":"","overlay-opacity":"","overlay-gradient":""},"mobile":{"background-color":"","background-image":"","background-repeat":"repeat","background-position":"center center","background-size":"auto","background-attachment":"scroll","background-type":"","background-media":"","overlay-type":"","overlay-color":"","overlay-opacity":"","overlay-gradient":""}},"ast-content-background-meta":{"desktop":{"background-color":"var(--ast-global-color-5)","background-image":"","background-repeat":"repeat","background-position":"center center","background-size":"auto","background-attachment":"scroll","background-type":"","background-media":"","overlay-type":"","overlay-color":"","overlay-opacity":"","overlay-gradient":""},"tablet":{"background-color":"var(--ast-global-color-5)","background-image":"","background-repeat":"repeat","background-position":"center center","background-size":"auto","background-attachment":"scroll","background-type":"","background-media":"","overlay-type":"","overlay-color":"","overlay-opacity":"","overlay-gradient":""},"mobile":{"background-color":"var(--ast-global-color-5)","background-image":"","background-repeat":"repeat","background-position":"center center","background-size":"auto","background-attachment":"scroll","background-type":"","background-media":"","overlay-type":"","overlay-color":"","overlay-opacity":"","overlay-gradient":""}},"footnotes":""},"class_list":["post-5212","page","type-page","status-publish","hentry"],"_links":{"self":[{"href":"https:\/\/phd.hi.is\/en\/wp-json\/wp\/v2\/pages\/5212","targetHints":{"allow":["GET"]}}],"collection":[{"href":"https:\/\/phd.hi.is\/en\/wp-json\/wp\/v2\/pages"}],"about":[{"href":"https:\/\/phd.hi.is\/en\/wp-json\/wp\/v2\/types\/page"}],"author":[{"embeddable":true,"href":"https:\/\/phd.hi.is\/en\/wp-json\/wp\/v2\/users\/2"}],"replies":[{"embeddable":true,"href":"https:\/\/phd.hi.is\/en\/wp-json\/wp\/v2\/comments?post=5212"}],"version-history":[{"count":25,"href":"https:\/\/phd.hi.is\/en\/wp-json\/wp\/v2\/pages\/5212\/revisions"}],"predecessor-version":[{"id":5245,"href":"https:\/\/phd.hi.is\/en\/wp-json\/wp\/v2\/pages\/5212\/revisions\/5245"}],"wp:attachment":[{"href":"https:\/\/phd.hi.is\/en\/wp-json\/wp\/v2\/media?parent=5212"}],"curies":[{"name":"wp","href":"https:\/\/api.w.org\/{rel}","templated":true}]}}